{"id":333,"date":"2022-04-20T08:46:02","date_gmt":"2022-04-20T11:46:02","guid":{"rendered":"https:\/\/weppl.thedeviantart.com\/?page_id=333"},"modified":"2022-04-20T08:46:02","modified_gmt":"2022-04-20T11:46:02","slug":"projetos","status":"publish","type":"page","link":"https:\/\/wepeople.com.br\/en\/projetos\/","title":{"rendered":"Projetos"},"content":{"rendered":"","protected":false},"excerpt":{"rendered":"","protected":false},"author":1,"featured_media":0,"parent":0,"menu_order":0,"comment_status":"closed","ping_status":"closed","template":"","meta":{"inline_featured_image":false,"footnotes":""},"class_list":["post-333","page","type-page","status-publish","hentry"],"yoast_head":"<!-- This site is optimized with the Yoast SEO plugin v24.2 - https:\/\/yoast.com\/wordpress\/plugins\/seo\/ -->\n<title>Projetos - WePeople<\/title>\n<meta name=\"robots\" content=\"index, follow, max-snippet:-1, max-image-preview:large, max-video-preview:-1\" \/>\n<link rel=\"canonical\" href=\"https:\/\/wepeople.com.br\/en\/projetos\/\" \/>\n<meta property=\"og:locale\" content=\"en_US\" \/>\n<meta property=\"og:type\" content=\"article\" \/>\n<meta property=\"og:title\" content=\"Projetos - WePeople\" \/>\n<meta property=\"og:url\" content=\"https:\/\/wepeople.com.br\/en\/projetos\/\" \/>\n<meta property=\"og:site_name\" content=\"WePeople\" \/>\n<meta name=\"twitter:card\" content=\"summary_large_image\" \/>\n<script type=\"application\/ld+json\" class=\"yoast-schema-graph\">{\"@context\":\"https:\/\/schema.org\",\"@graph\":[{\"@type\":\"WebPage\",\"@id\":\"https:\/\/wepeople.com.br\/projetos\/\",\"url\":\"https:\/\/wepeople.com.br\/projetos\/\",\"name\":\"Projetos - WePeople\",\"isPartOf\":{\"@id\":\"https:\/\/wepeople.com.br\/#website\"},\"datePublished\":\"2022-04-20T11:46:02+00:00\",\"dateModified\":\"2022-04-20T11:46:02+00:00\",\"breadcrumb\":{\"@id\":\"https:\/\/wepeople.com.br\/projetos\/#breadcrumb\"},\"inLanguage\":\"en-US\",\"potentialAction\":[{\"@type\":\"ReadAction\",\"target\":[\"https:\/\/wepeople.com.br\/projetos\/\"]}]},{\"@type\":\"BreadcrumbList\",\"@id\":\"https:\/\/wepeople.com.br\/projetos\/#breadcrumb\",\"itemListElement\":[{\"@type\":\"ListItem\",\"position\":1,\"name\":\"In\u00edcio\",\"item\":\"https:\/\/wepeople.com.br\/\"},{\"@type\":\"ListItem\",\"position\":2,\"name\":\"Projetos\"}]},{\"@type\":\"WebSite\",\"@id\":\"https:\/\/wepeople.com.br\/#website\",\"url\":\"https:\/\/wepeople.com.br\/\",\"name\":\"WePeople\",\"description\":\"Gest\u00e3o, evolu\u00e7\u00e3o e lideran\u00e7a organizacional\",\"potentialAction\":[{\"@type\":\"SearchAction\",\"target\":{\"@type\":\"EntryPoint\",\"urlTemplate\":\"https:\/\/wepeople.com.br\/?s={search_term_string}\"},\"query-input\":{\"@type\":\"PropertyValueSpecification\",\"valueRequired\":true,\"valueName\":\"search_term_string\"}}],\"inLanguage\":\"en-US\"}]}<\/script>\n<!-- \/ Yoast SEO plugin. -->","yoast_head_json":{"title":"Projetos - WePeople","robots":{"index":"index","follow":"follow","max-snippet":"max-snippet:-1","max-image-preview":"max-image-preview:large","max-video-preview":"max-video-preview:-1"},"canonical":"https:\/\/wepeople.com.br\/en\/projetos\/","og_locale":"en_US","og_type":"article","og_title":"Projetos - WePeople","og_url":"https:\/\/wepeople.com.br\/en\/projetos\/","og_site_name":"WePeople","twitter_card":"summary_large_image","schema":{"@context":"https:\/\/schema.org","@graph":[{"@type":"WebPage","@id":"https:\/\/wepeople.com.br\/projetos\/","url":"https:\/\/wepeople.com.br\/projetos\/","name":"Projetos - WePeople","isPartOf":{"@id":"https:\/\/wepeople.com.br\/#website"},"datePublished":"2022-04-20T11:46:02+00:00","dateModified":"2022-04-20T11:46:02+00:00","breadcrumb":{"@id":"https:\/\/wepeople.com.br\/projetos\/#breadcrumb"},"inLanguage":"en-US","potentialAction":[{"@type":"ReadAction","target":["https:\/\/wepeople.com.br\/projetos\/"]}]},{"@type":"BreadcrumbList","@id":"https:\/\/wepeople.com.br\/projetos\/#breadcrumb","itemListElement":[{"@type":"ListItem","position":1,"name":"In\u00edcio","item":"https:\/\/wepeople.com.br\/"},{"@type":"ListItem","position":2,"name":"Projetos"}]},{"@type":"WebSite","@id":"https:\/\/wepeople.com.br\/#website","url":"https:\/\/wepeople.com.br\/","name":"WePeople","description":"Gest\u00e3o, evolu\u00e7\u00e3o e lideran\u00e7a organizacional","potentialAction":[{"@type":"SearchAction","target":{"@type":"EntryPoint","urlTemplate":"https:\/\/wepeople.com.br\/?s={search_term_string}"},"query-input":{"@type":"PropertyValueSpecification","valueRequired":true,"valueName":"search_term_string"}}],"inLanguage":"en-US"}]}},"_links":{"self":[{"href":"https:\/\/wepeople.com.br\/en\/wp-json\/wp\/v2\/pages\/333","targetHints":{"allow":["GET"]}}],"collection":[{"href":"https:\/\/wepeople.com.br\/en\/wp-json\/wp\/v2\/pages"}],"about":[{"href":"https:\/\/wepeople.com.br\/en\/wp-json\/wp\/v2\/types\/page"}],"author":[{"embeddable":true,"href":"https:\/\/wepeople.com.br\/en\/wp-json\/wp\/v2\/users\/1"}],"replies":[{"embeddable":true,"href":"https:\/\/wepeople.com.br\/en\/wp-json\/wp\/v2\/comments?post=333"}],"version-history":[{"count":1,"href":"https:\/\/wepeople.com.br\/en\/wp-json\/wp\/v2\/pages\/333\/revisions"}],"predecessor-version":[{"id":334,"href":"https:\/\/wepeople.com.br\/en\/wp-json\/wp\/v2\/pages\/333\/revisions\/334"}],"wp:attachment":[{"href":"https:\/\/wepeople.com.br\/en\/wp-json\/wp\/v2\/media?parent=333"}],"curies":[{"name":"wp","href":"https:\/\/api.w.org\/{rel}","templated":true}]}}