{"id":354,"date":"2022-04-20T09:33:43","date_gmt":"2022-04-20T12:33:43","guid":{"rendered":"https:\/\/weppl.thedeviantart.com\/?page_id=354"},"modified":"2024-07-10T09:32:02","modified_gmt":"2024-07-10T12:32:02","slug":"contato","status":"publish","type":"page","link":"https:\/\/wepeople.com.br\/en\/contato\/","title":{"rendered":"Contact"},"content":{"rendered":"<section class=\"section\" id=\"section_800324106\">\n\t\t<div class=\"bg section-bg fill bg-fill  bg-loaded\" >\n\n\t\t\t\n\t\t\t\n\t\t\t\n\n\t\t<\/div>\n\n\t\t\n\n\t\t<div class=\"section-content relative\">\n\t\t\t\n\n<div class=\"row\" style=\"max-width:1300px\" id=\"row-1327433011\">\n\n\n\t<div id=\"col-1796872522\" class=\"col small-12 large-12\"  >\n\t\t\t\t<div class=\"col-inner\"  >\n\t\t\t\n\t\t\t\n\n\t<div id=\"text-3173825871\" class=\"text\">\n\t\t\n\n<h1 style=\"margin:0;\">Let's work together?<\/h1>\n\t\t\n<style>\n#text-3173825871 {\n  font-size: 1.5rem;\n}\n<\/style>\n\t<\/div>\n\t\n\n\t\t<\/div>\n\t\t\t\t\n<style>\n#col-1796872522 > .col-inner {\n  margin: 30px 0px 0px 0px;\n}\n<\/style>\n\t<\/div>\n\n\t\n\n\t<div id=\"col-1409359696\" class=\"col small-12 large-12\"  >\n\t\t\t\t<div class=\"col-inner\"  >\n\t\t\t\n\t\t\t\n\n\t<div class=\"img has-hover x md-x lg-x y md-y lg-y\" id=\"image_1718387946\">\n\t\t\t\t\t\t\t\t<div class=\"img-inner dark\" >\n\t\t\t<img loading=\"lazy\" decoding=\"async\" width=\"1020\" height=\"574\" src=\"https:\/\/wepeople.com.br\/wp-content\/uploads\/2022\/05\/Mapa-WePeople-1024x576.png\" class=\"attachment-large size-large\" alt=\"\" srcset=\"https:\/\/wepeople.com.br\/wp-content\/uploads\/2022\/05\/Mapa-WePeople-1024x576.png 1024w, https:\/\/wepeople.com.br\/wp-content\/uploads\/2022\/05\/Mapa-WePeople-300x169.png 300w, https:\/\/wepeople.com.br\/wp-content\/uploads\/2022\/05\/Mapa-WePeople-768x432.png 768w, https:\/\/wepeople.com.br\/wp-content\/uploads\/2022\/05\/Mapa-WePeople-1536x864.png 1536w, https:\/\/wepeople.com.br\/wp-content\/uploads\/2022\/05\/Mapa-WePeople-18x10.png 18w, https:\/\/wepeople.com.br\/wp-content\/uploads\/2022\/05\/Mapa-WePeople.png 1920w\" sizes=\"auto, (max-width: 1020px) 100vw, 1020px\" \/>\t\t\t\t\t\t\n\t\t\t\t\t<\/div>\n\t\t\t\t\t\t\t\t\n<style>\n#image_1718387946 {\n  width: 100%;\n}\n<\/style>\n\t<\/div>\n\t\n\n\n\t\t<\/div>\n\t\t\t\t\t<\/div>\n\n\t\n\n<\/div>\n\t<div id=\"text-1959630544\" class=\"text\">\n\t\t\n\n<h3>Nossa sede<\/h3>\n<p>WTC &#8211; World Trade Center Business Tower<br \/>Avenida da Na\u00e7\u00f5es Unidas, 12.551<br \/>17 andar &#8211; Brooklin Novo <br \/>S\u00e3o Paulo &#8211; SP<br \/>CEP &#8211; 04578-903<\/p>\n\t\t\n<style>\n#text-1959630544 {\n  text-align: center;\n}\n<\/style>\n\t<\/div>\n\t\n\n\t\t<\/div>\n\n\t\t\n<style>\n#section_800324106 {\n  padding-top: 0px;\n  padding-bottom: 0px;\n}\n#section_800324106 .ux-shape-divider--top svg {\n  height: 150px;\n  --divider-top-width: 100%;\n}\n#section_800324106 .ux-shape-divider--bottom svg {\n  height: 150px;\n  --divider-width: 100%;\n}\n<\/style>\n\t<\/section>\n\t\n\t<section class=\"section\" id=\"section_1063755869\">\n\t\t<div class=\"bg section-bg fill bg-fill  bg-loaded\" >\n\n\t\t\t\n\t\t\t\n\t\t\t\n\n\t\t<\/div>\n\n\t\t\n\n\t\t<div class=\"section-content relative\">\n\t\t\t\n\n<div class=\"row align-center\" style=\"max-width:1300px\" id=\"row-1079939115\">\n\n\n\t<div id=\"col-861492171\" class=\"col form-contato medium-6 small-12 large-6\"  >\n\t\t\t\t<div class=\"col-inner\"  >\n\t\t\t\n\t\t\t\n\n\t<div id=\"text-334649261\" class=\"text\">\n\t\t\n\n<div role=\"main\" id=\"contato-wepeople-da440622a20908daecf2\"><\/div>\n<p><script type=\"text\/javascript\" src=\"https:\/\/d335luupugsy2.cloudfront.net\/js\/rdstation-forms\/stable\/rdstation-forms.min.js\"><\/script><script type=\"text\/javascript\"> new RDStationForms('contato-wepeople-da440622a20908daecf2', 'null').createForm();<\/script><\/p>\n\t\t\n<style>\n#text-334649261 {\n  font-size: 0.8rem;\n}\n<\/style>\n\t<\/div>\n\t\n<p><script charset=\"utf-8\" type=\"text\/javascript\" src=\"\/\/js.hsforms.net\/forms\/embed\/v2.js\"><\/script><br \/>\n<script><br \/>\n  hbspt.forms.create({<br \/>\n    region: \"na1\",<br \/>\n    portalId: \"39831161\",<br \/>\n    formId: \"6f717c8e-afcf-41ac-9a0f-ccf415570083\"<br \/>\n  });<br \/>\n<\/script><\/p>\n\n\n\t\t<\/div>\n\t\t\t\t\n<style>\n#col-861492171 > .col-inner {\n  padding: 0px 10px 0px 10px;\n}\n<\/style>\n\t<\/div>\n\n\t\n\n\t<div id=\"col-556843157\" class=\"col form-contato hide-for-medium medium-1 small-12 large-1\"  >\n\t\t\t\t<div class=\"col-inner\"  >\n\t\t\t\n\t\t\t\n\n\n\t\t<\/div>\n\t\t\t\t\n<style>\n#col-556843157 > .col-inner {\n  padding: 0px 10px 0px 10px;\n}\n<\/style>\n\t<\/div>\n\n\t\n\n\t<div id=\"col-1824600535\" class=\"col medium-5 small-12 large-5\"  >\n\t\t\t\t<div class=\"col-inner\"  >\n\t\t\t\n\t\t\t\n\n\t<div id=\"text-1330770130\" class=\"text\">\n\t\t\n\n<p class=\"alt-font\" style=\"text-transform:uppercase;font-size:15px;\">Our social media:<\/p>\n\t\t\n<style>\n#text-1330770130 {\n  font-size: 0.8rem;\n}\n<\/style>\n\t<\/div>\n\t\n\n\n<p class=\"redes-footer\"><a href=\"https:\/\/wa.me\/5511945473957\"><img decoding=\"async\"  class=\"\" src=\"\/wp-content\/uploads\/2022\/04\/whats-hover.png\"\/><\/a><a href=\"https:\/\/www.linkedin.com\/company\/wepeoplebr\/\"><img decoding=\"async\" src=\"\/wp-content\/uploads\/2022\/04\/linkedin-hover.png\"\/><\/a><a href=\"https:\/\/www.facebook.com\/wepeoplebr\/\"><img decoding=\"async\" src=\"\/wp-content\/uploads\/2022\/04\/face-hover.png\"\/><\/a><a href=\" https:\/\/www.instagram.com\/wepeoplebr\/\"><img decoding=\"async\" src=\"\/wp-content\/uploads\/2022\/04\/insta-hover.png\"\/><\/a><a href=\"https:\/\/www.youtube.com\/channel\/UCWS3WVAwa3IByLa7_YRiWlQ\"><img decoding=\"async\" src=\"\/wp-content\/uploads\/2022\/04\/youtube-hover.png\"\/><\/a><\/p>\n\n\t<div id=\"gap-374322375\" class=\"gap-element clearfix\" style=\"display:block; height:auto;\">\n\t\t\n<style>\n#gap-374322375 {\n  padding-top: 30px;\n}\n<\/style>\n\t<\/div>\n\t\n\n<div class=\"row\"  id=\"row-2073385333\">\n\n\n\t<div id=\"col-777915395\" class=\"col medium-6 small-6 large-6\"  >\n\t\t\t\t<div class=\"col-inner\"  >\n\t\t\t\n\t\t\t\n\n\t<div id=\"text-895509878\" class=\"text\">\n\t\t\n\n<p style=\"margin-bottom:5px\">S\u00e3o Paulo<\/p>\n\t\t\n<style>\n#text-895509878 {\n  font-size: 1rem;\n}\n<\/style>\n\t<\/div>\n\t\n\t<div id=\"text-249682600\" class=\"text\">\n\t\t\n\n<p><a href=\"tel:+551129246402\" class=\"botao-roxo\">+55 11 94547-3957<\/a><\/p>\n\t\t\n<style>\n#text-249682600 {\n  font-size: 0.85rem;\n}\n<\/style>\n\t<\/div>\n\t\n\t<div id=\"text-611434091\" class=\"text\">\n\t\t\n\n<p style=\"margin-bottom:5px\">Curitiba<\/p>\n\t\t\n<style>\n#text-611434091 {\n  font-size: 1rem;\n}\n<\/style>\n\t<\/div>\n\t\n\t<div id=\"text-1619198125\" class=\"text\">\n\t\t\n\n<p><a href=\"tel:+551129246402\" class=\"botao-roxo\">+55 11 94547-3957<\/a><\/p>\n\t\t\n<style>\n#text-1619198125 {\n  font-size: 0.85rem;\n}\n<\/style>\n\t<\/div>\n\t\n\n\t\t<\/div>\n\t\t\t\t\t<\/div>\n\n\t\n\n\t<div id=\"col-383845501\" class=\"col medium-6 small-6 large-6\"  >\n\t\t\t\t<div class=\"col-inner\"  >\n\t\t\t\n\t\t\t\n\n\t<div id=\"text-2255546202\" class=\"text\">\n\t\t\n\n<p style=\"margin-bottom:5px\">Buenos Aires\n<\/p>\n\t\t\n<style>\n#text-2255546202 {\n  font-size: 1rem;\n}\n<\/style>\n\t<\/div>\n\t\n\t<div id=\"text-2799495401\" class=\"text\">\n\t\t\n\n<p><a href=\"tel:+5491131331234\" class=\"botao-roxo\">+54 9 11 3133-1234<br \/>\n<\/a><\/p>\n\t\t\n<style>\n#text-2799495401 {\n  font-size: 0.85rem;\n}\n<\/style>\n\t<\/div>\n\t\n\t<div id=\"gap-826881387\" class=\"gap-element clearfix\" style=\"display:block; height:auto;\">\n\t\t\n<style>\n#gap-826881387 {\n  padding-top: 17px;\n}\n<\/style>\n\t<\/div>\n\t\n\n\t<div id=\"text-2155205735\" class=\"text\">\n\t\t\n\n<p style=\"margin-bottom:5px\">M\u00e9xico\n<\/p>\n\t\t\n<style>\n#text-2155205735 {\n  font-size: 1rem;\n}\n<\/style>\n\t<\/div>\n\t\n\t<div id=\"text-2894953102\" class=\"text\">\n\t\t\n\n<p><a href=\"tel:+525579206375\" class=\"botao-roxo\">+52 55 79206375<\/a><\/p>\n\t\t\n<style>\n#text-2894953102 {\n  font-size: 0.85rem;\n}\n<\/style>\n\t<\/div>\n\t\n\t<div id=\"text-1987791607\" class=\"text\">\n\t\t\n\n<p style=\"margin-bottom:5px\">Lisboa<\/p>\n\t\t\n<style>\n#text-1987791607 {\n  font-size: 1rem;\n}\n<\/style>\n\t<\/div>\n\t\n\t<div id=\"text-1349728999\" class=\"text\">\n\t\t\n\n<p><a href=\"tel:+351910967127\" class=\"botao-roxo\">+351 910967127<\/a><\/p>\n\t\t\n<style>\n#text-1349728999 {\n  font-size: 0.85rem;\n}\n<\/style>\n\t<\/div>\n\t\n\n\t\t<\/div>\n\t\t\t\t\t<\/div>\n\n\t\n\n<\/div>\n\n\t\t<\/div>\n\t\t\t\t\n<style>\n#col-1824600535 > .col-inner {\n  padding: 0px 20px 0px 20px;\n}\n<\/style>\n\t<\/div>\n\n\t\n\n<\/div>\n\n\t\t<\/div>\n\n\t\t\n<style>\n#section_1063755869 {\n  padding-top: 50px;\n  padding-bottom: 50px;\n}\n#section_1063755869 .ux-shape-divider--top svg {\n  height: 150px;\n  --divider-top-width: 100%;\n}\n#section_1063755869 .ux-shape-divider--bottom svg {\n  height: 150px;\n  --divider-width: 100%;\n}\n<\/style>\n\t<\/section>\n\t\n\t<section class=\"section\" id=\"section_801304576\">\n\t\t<div class=\"bg section-bg fill bg-fill  bg-loaded\" >\n\n\t\t\t\n\t\t\t\n\t\t\t\n\n\t\t<\/div>\n\n\t\t\n\n\t\t<div class=\"section-content relative\">\n\t\t\t\n\n<div class=\"row align-middle\" style=\"max-width:1300px\" id=\"row-1240601416\">\n\n\n\t<div id=\"col-1069640146\" class=\"col medium-5 small-12 large-5\"  >\n\t\t\t\t<div class=\"col-inner text-center dark\"  >\n\t\t\t\n\t\t\t\n\n\t<div id=\"text-4120819977\" class=\"text\">\n\t\t\n\n<h3 style=\"margin-bottom:0;\">We transform people to value organizations<\/h3>\n\t\t\n<style>\n#text-4120819977 {\n  font-size: 1.5rem;\n  text-align: left;\n}\n<\/style>\n\t<\/div>\n\t\n\n\t\t<\/div>\n\t\t\t\t\t<\/div>\n\n\t\n\n\t<div id=\"col-1476241147\" class=\"col medium-7 small-12 large-7\"  >\n\t\t\t\t<div class=\"col-inner\"  >\n\t\t\t\n\t\t\t\n\n\t<div class=\"img has-hover x md-x lg-x y md-y lg-y\" id=\"image_641313860\">\n\t\t\t\t\t\t\t\t<div class=\"img-inner dark\" >\n\t\t\t<img loading=\"lazy\" decoding=\"async\" width=\"1000\" height=\"584\" src=\"https:\/\/wepeople.com.br\/wp-content\/uploads\/2022\/04\/contato.png\" class=\"attachment-large size-large\" alt=\"\" srcset=\"https:\/\/wepeople.com.br\/wp-content\/uploads\/2022\/04\/contato.png 1000w, https:\/\/wepeople.com.br\/wp-content\/uploads\/2022\/04\/contato-300x175.png 300w, https:\/\/wepeople.com.br\/wp-content\/uploads\/2022\/04\/contato-768x449.png 768w, https:\/\/wepeople.com.br\/wp-content\/uploads\/2022\/04\/contato-18x12.png 18w\" sizes=\"auto, (max-width: 1000px) 100vw, 1000px\" \/>\t\t\t\t\t\t\n\t\t\t\t\t<\/div>\n\t\t\t\t\t\t\t\t\n<style>\n#image_641313860 {\n  width: 100%;\n}\n<\/style>\n\t<\/div>\n\t\n\n\n\t\t<\/div>\n\t\t\t\t\t<\/div>\n\n\t\n\n<\/div>\n\n\t\t<\/div>\n\n\t\t\n<style>\n#section_801304576 {\n  padding-top: 80px;\n  padding-bottom: 80px;\n  background-color: #613d98;\n}\n#section_801304576 .ux-shape-divider--top svg {\n  height: 150px;\n  --divider-top-width: 100%;\n}\n#section_801304576 .ux-shape-divider--bottom svg {\n  height: 150px;\n  --divider-width: 100%;\n}\n@media (min-width:550px) {\n  #section_801304576 {\n    padding-top: 0px;\n    padding-bottom: 0px;\n  }\n}\n<\/style>\n\t<\/section>","protected":false},"excerpt":{"rendered":"","protected":false},"author":1,"featured_media":0,"parent":0,"menu_order":0,"comment_status":"closed","ping_status":"closed","template":"page-blank.php","meta":{"inline_featured_image":false,"footnotes":""},"class_list":["post-354","page","type-page","status-publish","hentry"],"yoast_head":"<!-- This site is optimized with the Yoast SEO plugin v24.2 - https:\/\/yoast.com\/wordpress\/plugins\/seo\/ -->\n<title>Contato - WePeople<\/title>\n<meta name=\"robots\" content=\"index, follow, max-snippet:-1, max-image-preview:large, max-video-preview:-1\" \/>\n<link rel=\"canonical\" href=\"https:\/\/wepeople.com.br\/en\/contato\/\" \/>\n<meta property=\"og:locale\" content=\"en_US\" \/>\n<meta property=\"og:type\" content=\"article\" \/>\n<meta property=\"og:title\" content=\"Contato - WePeople\" \/>\n<meta property=\"og:url\" content=\"https:\/\/wepeople.com.br\/en\/contato\/\" \/>\n<meta property=\"og:site_name\" content=\"WePeople\" \/>\n<meta property=\"article:modified_time\" content=\"2024-07-10T12:32:02+00:00\" \/>\n<meta name=\"twitter:card\" content=\"summary_large_image\" \/>\n<meta name=\"twitter:label1\" content=\"Est. reading time\" \/>\n\t<meta name=\"twitter:data1\" content=\"3 minutes\" \/>\n<script type=\"application\/ld+json\" class=\"yoast-schema-graph\">{\"@context\":\"https:\/\/schema.org\",\"@graph\":[{\"@type\":\"WebPage\",\"@id\":\"https:\/\/wepeople.com.br\/contato\/\",\"url\":\"https:\/\/wepeople.com.br\/contato\/\",\"name\":\"Contato - WePeople\",\"isPartOf\":{\"@id\":\"https:\/\/wepeople.com.br\/#website\"},\"datePublished\":\"2022-04-20T12:33:43+00:00\",\"dateModified\":\"2024-07-10T12:32:02+00:00\",\"breadcrumb\":{\"@id\":\"https:\/\/wepeople.com.br\/contato\/#breadcrumb\"},\"inLanguage\":\"en-US\",\"potentialAction\":[{\"@type\":\"ReadAction\",\"target\":[\"https:\/\/wepeople.com.br\/contato\/\"]}]},{\"@type\":\"BreadcrumbList\",\"@id\":\"https:\/\/wepeople.com.br\/contato\/#breadcrumb\",\"itemListElement\":[{\"@type\":\"ListItem\",\"position\":1,\"name\":\"In\u00edcio\",\"item\":\"https:\/\/wepeople.com.br\/\"},{\"@type\":\"ListItem\",\"position\":2,\"name\":\"Contato\"}]},{\"@type\":\"WebSite\",\"@id\":\"https:\/\/wepeople.com.br\/#website\",\"url\":\"https:\/\/wepeople.com.br\/\",\"name\":\"WePeople\",\"description\":\"Gest\u00e3o, evolu\u00e7\u00e3o e lideran\u00e7a organizacional\",\"potentialAction\":[{\"@type\":\"SearchAction\",\"target\":{\"@type\":\"EntryPoint\",\"urlTemplate\":\"https:\/\/wepeople.com.br\/?s={search_term_string}\"},\"query-input\":{\"@type\":\"PropertyValueSpecification\",\"valueRequired\":true,\"valueName\":\"search_term_string\"}}],\"inLanguage\":\"en-US\"}]}<\/script>\n<!-- \/ Yoast SEO plugin. -->","yoast_head_json":{"title":"Contato - WePeople","robots":{"index":"index","follow":"follow","max-snippet":"max-snippet:-1","max-image-preview":"max-image-preview:large","max-video-preview":"max-video-preview:-1"},"canonical":"https:\/\/wepeople.com.br\/en\/contato\/","og_locale":"en_US","og_type":"article","og_title":"Contato - WePeople","og_url":"https:\/\/wepeople.com.br\/en\/contato\/","og_site_name":"WePeople","article_modified_time":"2024-07-10T12:32:02+00:00","twitter_card":"summary_large_image","twitter_misc":{"Est. reading time":"3 minutes"},"schema":{"@context":"https:\/\/schema.org","@graph":[{"@type":"WebPage","@id":"https:\/\/wepeople.com.br\/contato\/","url":"https:\/\/wepeople.com.br\/contato\/","name":"Contato - WePeople","isPartOf":{"@id":"https:\/\/wepeople.com.br\/#website"},"datePublished":"2022-04-20T12:33:43+00:00","dateModified":"2024-07-10T12:32:02+00:00","breadcrumb":{"@id":"https:\/\/wepeople.com.br\/contato\/#breadcrumb"},"inLanguage":"en-US","potentialAction":[{"@type":"ReadAction","target":["https:\/\/wepeople.com.br\/contato\/"]}]},{"@type":"BreadcrumbList","@id":"https:\/\/wepeople.com.br\/contato\/#breadcrumb","itemListElement":[{"@type":"ListItem","position":1,"name":"In\u00edcio","item":"https:\/\/wepeople.com.br\/"},{"@type":"ListItem","position":2,"name":"Contato"}]},{"@type":"WebSite","@id":"https:\/\/wepeople.com.br\/#website","url":"https:\/\/wepeople.com.br\/","name":"WePeople","description":"Gest\u00e3o, evolu\u00e7\u00e3o e lideran\u00e7a organizacional","potentialAction":[{"@type":"SearchAction","target":{"@type":"EntryPoint","urlTemplate":"https:\/\/wepeople.com.br\/?s={search_term_string}"},"query-input":{"@type":"PropertyValueSpecification","valueRequired":true,"valueName":"search_term_string"}}],"inLanguage":"en-US"}]}},"_links":{"self":[{"href":"https:\/\/wepeople.com.br\/en\/wp-json\/wp\/v2\/pages\/354","targetHints":{"allow":["GET"]}}],"collection":[{"href":"https:\/\/wepeople.com.br\/en\/wp-json\/wp\/v2\/pages"}],"about":[{"href":"https:\/\/wepeople.com.br\/en\/wp-json\/wp\/v2\/types\/page"}],"author":[{"embeddable":true,"href":"https:\/\/wepeople.com.br\/en\/wp-json\/wp\/v2\/users\/1"}],"replies":[{"embeddable":true,"href":"https:\/\/wepeople.com.br\/en\/wp-json\/wp\/v2\/comments?post=354"}],"version-history":[{"count":51,"href":"https:\/\/wepeople.com.br\/en\/wp-json\/wp\/v2\/pages\/354\/revisions"}],"predecessor-version":[{"id":3129,"href":"https:\/\/wepeople.com.br\/en\/wp-json\/wp\/v2\/pages\/354\/revisions\/3129"}],"wp:attachment":[{"href":"https:\/\/wepeople.com.br\/en\/wp-json\/wp\/v2\/media?parent=354"}],"curies":[{"name":"wp","href":"https:\/\/api.w.org\/{rel}","templated":true}]}}